{"id":151,"date":"2025-05-13T12:42:45","date_gmt":"2025-05-13T12:42:45","guid":{"rendered":"https:\/\/www.gruppoomi.com\/?page_id=151"},"modified":"2025-05-16T06:57:31","modified_gmt":"2025-05-16T06:57:31","slug":"news-stampa","status":"publish","type":"page","link":"https:\/\/www.gruppoomi.com\/it\/news-stampa\/","title":{"rendered":"News &#038; Stampa"},"content":{"rendered":"\t\t<div data-elementor-type=\"wp-page\" data-elementor-id=\"151\" class=\"elementor elementor-151\" data-elementor-post-type=\"page\">\n\t\t\t\t<div class=\"elementor-element elementor-element-04351f8 e-flex e-con-boxed e-con e-parent\" data-id=\"04351f8\" data-element_type=\"container\" data-e-type=\"container\" data-settings=\"{&quot;background_background&quot;:&quot;classic&quot;}\">\n\t\t\t\t\t<div class=\"e-con-inner\">\n\t\t\t\t<div class=\"elementor-element elementor-element-37940b2 elementor-widget-divider--view-line elementor-widget elementor-widget-divider\" data-id=\"37940b2\" data-element_type=\"widget\" data-e-type=\"widget\" data-widget_type=\"divider.default\">\n\t\t\t\t<div class=\"elementor-widget-container\">\n\t\t\t\t\t\t\t<div class=\"elementor-divider\">\n\t\t\t<span class=\"elementor-divider-separator\">\n\t\t\t\t\t\t<\/span>\n\t\t<\/div>\n\t\t\t\t\t\t<\/div>\n\t\t\t\t<\/div>\n\t\t\t\t<div class=\"elementor-element elementor-element-920329d elementor-widget elementor-widget-heading\" data-id=\"920329d\" data-element_type=\"widget\" data-e-type=\"widget\" data-widget_type=\"heading.default\">\n\t\t\t\t<div class=\"elementor-widget-container\">\n\t\t\t\t\t<h2 class=\"elementor-heading-title elementor-size-default\">News da Omi Group<\/h2>\t\t\t\t<\/div>\n\t\t\t\t<\/div>\n\t\t\t\t<div class=\"elementor-element elementor-element-a5ceb8e elementor-grid-1 elementor-grid-tablet-2 elementor-grid-mobile-1 elementor-posts--thumbnail-top elementor-widget elementor-widget-posts\" data-id=\"a5ceb8e\" data-element_type=\"widget\" data-e-type=\"widget\" data-settings=\"{&quot;classic_columns&quot;:&quot;1&quot;,&quot;classic_columns_tablet&quot;:&quot;2&quot;,&quot;classic_columns_mobile&quot;:&quot;1&quot;,&quot;classic_row_gap&quot;:{&quot;unit&quot;:&quot;px&quot;,&quot;size&quot;:35,&quot;sizes&quot;:[]},&quot;classic_row_gap_tablet&quot;:{&quot;unit&quot;:&quot;px&quot;,&quot;size&quot;:&quot;&quot;,&quot;sizes&quot;:[]},&quot;classic_row_gap_mobile&quot;:{&quot;unit&quot;:&quot;px&quot;,&quot;size&quot;:&quot;&quot;,&quot;sizes&quot;:[]}}\" data-widget_type=\"posts.classic\">\n\t\t\t\t<div class=\"elementor-widget-container\">\n\t\t\t\t\t\t\t<div class=\"elementor-posts-container elementor-posts elementor-posts--skin-classic elementor-grid\" role=\"list\">\n\t\t\t\t<article class=\"elementor-post elementor-grid-item post-628 post type-post status-publish format-standard has-post-thumbnail hentry category-senza-categoria\" role=\"listitem\">\n\t\t\t\t<a class=\"elementor-post__thumbnail__link\" href=\"https:\/\/www.gruppoomi.com\/it\/2020\/01\/23\/fca-si-prepara-alla-fusione-con-peugeot-sbarcando-in-cina\/\" tabindex=\"-1\" >\n\t\t\t<div class=\"elementor-post__thumbnail\"><img fetchpriority=\"high\" decoding=\"async\" width=\"896\" height=\"598\" src=\"https:\/\/www.gruppoomi.com\/wp-content\/uploads\/2020\/01\/psa-reunit-un-conseil-de-surveillance-mardi.jpg\" class=\"attachment-large size-large wp-image-630\" alt=\"\" srcset=\"https:\/\/www.gruppoomi.com\/wp-content\/uploads\/2020\/01\/psa-reunit-un-conseil-de-surveillance-mardi.jpg 896w, https:\/\/www.gruppoomi.com\/wp-content\/uploads\/2020\/01\/psa-reunit-un-conseil-de-surveillance-mardi-300x200.jpg 300w, https:\/\/www.gruppoomi.com\/wp-content\/uploads\/2020\/01\/psa-reunit-un-conseil-de-surveillance-mardi-768x513.jpg 768w\" sizes=\"(max-width: 896px) 100vw, 896px\" \/><\/div>\n\t\t<\/a>\n\t\t\t\t<div class=\"elementor-post__text\">\n\t\t\t\t<h3 class=\"elementor-post__title\">\n\t\t\t<a href=\"https:\/\/www.gruppoomi.com\/it\/2020\/01\/23\/fca-si-prepara-alla-fusione-con-peugeot-sbarcando-in-cina\/\" >\n\t\t\t\tFca si prepara alla fusione con Peugeot sbarcando in Cina\t\t\t<\/a>\n\t\t<\/h3>\n\t\t\t\t<div class=\"elementor-post__meta-data\">\n\t\t\t\t\t<span class=\"elementor-post-date\">\n\t\t\tGennaio 23, 2020\t\t<\/span>\n\t\t\t\t<\/div>\n\t\t\t\t<div class=\"elementor-post__excerpt\">\n\t\t\t<p>C\u2019\u00e8 grande fermento nel mondo dell\u2019auto. Tesla \u00e8 diventata la seconda societ\u00e0 automobilistica del mondo per valore in borsa dopo Toyota, mentre Fca e Psa si preparano alla fusione. Stando<\/p>\n\t\t<\/div>\n\t\t\t\t\t<div class=\"elementor-post__read-more-wrapper\">\n\t\t\n\t\t<a class=\"elementor-post__read-more\" href=\"https:\/\/www.gruppoomi.com\/it\/2020\/01\/23\/fca-si-prepara-alla-fusione-con-peugeot-sbarcando-in-cina\/\" aria-label=\"Leggi tutto Fca si prepara alla fusione con Peugeot sbarcando in Cina\" tabindex=\"-1\" >\n\t\t\tLeggi Tutto \u00bb\t\t<\/a>\n\n\t\t\t\t\t<\/div>\n\t\t\t\t<\/div>\n\t\t\t\t<\/article>\n\t\t\t\t<article class=\"elementor-post elementor-grid-item post-1 post type-post status-publish format-standard has-post-thumbnail hentry category-senza-categoria\" role=\"listitem\">\n\t\t\t\t<a class=\"elementor-post__thumbnail__link\" href=\"https:\/\/www.gruppoomi.com\/it\/2020\/01\/22\/lintelligenza-artificiale-al-centro-del-futuro-dellautomotive\/\" tabindex=\"-1\" >\n\t\t\t<div class=\"elementor-post__thumbnail\"><img decoding=\"async\" width=\"1024\" height=\"969\" src=\"https:\/\/www.gruppoomi.com\/wp-content\/uploads\/2025\/05\/b1-1024x969.jpg\" class=\"attachment-large size-large wp-image-623\" alt=\"\" srcset=\"https:\/\/www.gruppoomi.com\/wp-content\/uploads\/2025\/05\/b1-1024x969.jpg 1024w, https:\/\/www.gruppoomi.com\/wp-content\/uploads\/2025\/05\/b1-300x284.jpg 300w, https:\/\/www.gruppoomi.com\/wp-content\/uploads\/2025\/05\/b1-768x727.jpg 768w, https:\/\/www.gruppoomi.com\/wp-content\/uploads\/2025\/05\/b1.jpg 1200w\" sizes=\"(max-width: 1024px) 100vw, 1024px\" \/><\/div>\n\t\t<\/a>\n\t\t\t\t<div class=\"elementor-post__text\">\n\t\t\t\t<h3 class=\"elementor-post__title\">\n\t\t\t<a href=\"https:\/\/www.gruppoomi.com\/it\/2020\/01\/22\/lintelligenza-artificiale-al-centro-del-futuro-dellautomotive\/\" >\n\t\t\t\tL\u2019intelligenza artificiale al centro del futuro dell\u2019automotive\t\t\t<\/a>\n\t\t<\/h3>\n\t\t\t\t<div class=\"elementor-post__meta-data\">\n\t\t\t\t\t<span class=\"elementor-post-date\">\n\t\t\tGennaio 22, 2020\t\t<\/span>\n\t\t\t\t<\/div>\n\t\t\t\t<div class=\"elementor-post__excerpt\">\n\t\t\t<p>L\u2019intelligenza artificiale (IA) \u00e8 diventata parte integrante della nostra quotidianit\u00e0. Ecco perch\u00e9 il settore automotive ha iniziato a sfruttare l\u2019IA per rendere pi\u00f9 semplice e sicura l\u2019esperienza di guida. Un\u2019\u00e9quipe<\/p>\n\t\t<\/div>\n\t\t\t\t\t<div class=\"elementor-post__read-more-wrapper\">\n\t\t\n\t\t<a class=\"elementor-post__read-more\" href=\"https:\/\/www.gruppoomi.com\/it\/2020\/01\/22\/lintelligenza-artificiale-al-centro-del-futuro-dellautomotive\/\" aria-label=\"Leggi tutto L\u2019intelligenza artificiale al centro del futuro dell\u2019automotive\" tabindex=\"-1\" >\n\t\t\tLeggi Tutto \u00bb\t\t<\/a>\n\n\t\t\t\t\t<\/div>\n\t\t\t\t<\/div>\n\t\t\t\t<\/article>\n\t\t\t\t<\/div>\n\t\t\n\t\t\t\t\t\t<\/div>\n\t\t\t\t<\/div>\n\t\t\t\t\t<\/div>\n\t\t\t\t<\/div>\n\t\t\t\t<\/div>\n\t\t","protected":false},"excerpt":{"rendered":"<p>News da Omi Group<\/p>\n","protected":false},"author":1,"featured_media":0,"parent":0,"menu_order":0,"comment_status":"closed","ping_status":"closed","template":"","meta":{"site-sidebar-layout":"right-sidebar","site-content-layout":"","ast-site-content-layout":"default","site-content-style":"default","site-sidebar-style":"default","ast-global-header-display":"","ast-banner-title-visibility":"","ast-main-header-display":"","ast-hfb-above-header-display":"","ast-hfb-below-header-display":"","ast-hfb-mobile-header-display":"","site-post-title":"disabled","ast-breadcrumbs-content":"","ast-featured-img":"disabled","footer-sml-layout":"","ast-disable-related-posts":"","theme-transparent-header-meta":"","adv-header-id-meta":"","stick-header-meta":"","header-above-stick-meta":"","header-main-stick-meta":"","header-below-stick-meta":"","astra-migrate-meta-layouts":"default","ast-page-background-enabled":"default","ast-page-background-meta":{"desktop":{"background-color":"var(--ast-global-color-5)","background-image":"","background-repeat":"repeat","background-position":"center center","background-size":"auto","background-attachment":"scroll","background-type":"","background-media":"","overlay-type":"","overlay-color":"","overlay-opacity":"","overlay-gradient":""},"tablet":{"background-color":"","background-image":"","background-repeat":"repeat","background-position":"center center","background-size":"auto","background-attachment":"scroll","background-type":"","background-media":"","overlay-type":"","overlay-color":"","overlay-opacity":"","overlay-gradient":""},"mobile":{"background-color":"","background-image":"","background-repeat":"repeat","background-position":"center center","background-size":"auto","background-attachment":"scroll","background-type":"","background-media":"","overlay-type":"","overlay-color":"","overlay-opacity":"","overlay-gradient":""}},"ast-content-background-meta":{"desktop":{"background-color":"var(--ast-global-color-4)","background-image":"","background-repeat":"repeat","background-position":"center center","background-size":"auto","background-attachment":"scroll","background-type":"","background-media":"","overlay-type":"","overlay-color":"","overlay-opacity":"","overlay-gradient":""},"tablet":{"background-color":"var(--ast-global-color-4)","background-image":"","background-repeat":"repeat","background-position":"center center","background-size":"auto","background-attachment":"scroll","background-type":"","background-media":"","overlay-type":"","overlay-color":"","overlay-opacity":"","overlay-gradient":""},"mobile":{"background-color":"var(--ast-global-color-4)","background-image":"","background-repeat":"repeat","background-position":"center center","background-size":"auto","background-attachment":"scroll","background-type":"","background-media":"","overlay-type":"","overlay-color":"","overlay-opacity":"","overlay-gradient":""}},"footnotes":""},"class_list":["post-151","page","type-page","status-publish","hentry"],"_links":{"self":[{"href":"https:\/\/www.gruppoomi.com\/it\/wp-json\/wp\/v2\/pages\/151","targetHints":{"allow":["GET"]}}],"collection":[{"href":"https:\/\/www.gruppoomi.com\/it\/wp-json\/wp\/v2\/pages"}],"about":[{"href":"https:\/\/www.gruppoomi.com\/it\/wp-json\/wp\/v2\/types\/page"}],"author":[{"embeddable":true,"href":"https:\/\/www.gruppoomi.com\/it\/wp-json\/wp\/v2\/users\/1"}],"replies":[{"embeddable":true,"href":"https:\/\/www.gruppoomi.com\/it\/wp-json\/wp\/v2\/comments?post=151"}],"version-history":[{"count":15,"href":"https:\/\/www.gruppoomi.com\/it\/wp-json\/wp\/v2\/pages\/151\/revisions"}],"predecessor-version":[{"id":1747,"href":"https:\/\/www.gruppoomi.com\/it\/wp-json\/wp\/v2\/pages\/151\/revisions\/1747"}],"wp:attachment":[{"href":"https:\/\/www.gruppoomi.com\/it\/wp-json\/wp\/v2\/media?parent=151"}],"curies":[{"name":"wp","href":"https:\/\/api.w.org\/{rel}","templated":true}]}}