{"id":3,"date":"2025-05-06T16:10:39","date_gmt":"2025-05-06T16:10:39","guid":{"rendered":"https:\/\/www.gruppoomi.com\/?page_id=3"},"modified":"2025-05-16T09:30:14","modified_gmt":"2025-05-16T09:30:14","slug":"privacy-policy","status":"publish","type":"page","link":"https:\/\/www.gruppoomi.com\/it\/privacy-policy\/","title":{"rendered":"Privacy Policy"},"content":{"rendered":"\n<p>Benvenuto sul nostro sito web gruppoomi.com (il Sito).<br>Per noi la tua privacy e la sicurezza dei tuoi dati personali sono molto importanti, per questo raccogliamo e gestiamo i tuoi dati personali con la massima attenzione e adottiamo misure specifiche per tenerli al sicuro. Di seguito trovi la nostra \u201cPrivacy Policy\u201d, contenente informazioni dettagliate informazioni in merito al trattamento dei dati personali e alle condizioni relative ai nostri servizi.<\/p>\n\n\n\n<div style=\"height:20px\" aria-hidden=\"true\" class=\"wp-block-spacer\"><\/div>\n\n\n\n<h4 class=\"wp-block-heading\">Informazioni generali<\/h4>\n\n\n\n<p><strong>Chi \u00e8 il Titolare del trattamento?<br>OMI GROUP SRL<\/strong><br>con sede legale in<br>Via Vittoria Colonna 80121 Napoli (NA)<br>C.F. e P.IVA n. 05822410659<br>(denominata in forma abbreviata in questo documento OMI GROUP SRL), \u00e8 il Titolare del trattamento, cio\u00e8 il soggetto che decide come e perch\u00e9 trattare i tuoi dati personali.<br>Puoi sempre contattare OMI GROUP SRL scrivendo all\u2019indirizzo sopraindicato, chiamando lo +39 089 2872246 o scrivendo al nostro Servizio Clienti admin@officineomi.itcon oggetto privacy\u201d. Officineomi.it \u00e8 un progetto di OMI GROUP SRL.<\/p>\n\n\n\n<p><strong>Chi \u00e8 il Responsabile del Trattamento?<\/strong><br>Il Responsabile del Trattamento, cui \u00e8 possibile rivolgersi per esercitare i diritti di cui all\u2019Art. 12 del GDPR 2016\/679 e\/o per eventuali chiarimenti in materia di tutela dati personali, \u00e8 raggiungibile inviando un\u2019email all\u2019indirizzo admin@officineomi.it<\/p>\n\n\n\n<div style=\"height:20px\" aria-hidden=\"true\" class=\"wp-block-spacer\"><\/div>\n\n\n\n<h4 class=\"wp-block-heading\">2. Quali dati personali raccogliamo?<\/h4>\n\n\n\n<p>Le categorie di dati personali che gruppoomi.com raccoglie e tratta quando navighi o ti registri su gruppoomi.com, sono le seguenti :<br>\u2013 raccogliamo i dati personali necessari per concludere e dare esecuzione al tua richiesta su Officineomi.it . come nome e cognome, indirizzo e-mail, indirizzo di fatturazione, telefono.<br>\u2013 raccogliamo il tuo indirizzo e-mail quando ti iscrivi al nostro servizio di newsletter;<br>\u2013 trattiamo i dati personali che ci fornisci quando contatti i nostri uffici per fornirti l\u2019assistenza richiesta;<br>\u2013 previo tuo consenso, raccogliamo e utilizziamo i tuoi dati personali per finalit\u00e0 di marketing;<br>\u2013 raccogliamo informazioni sulla tua navigazione in forma anonima su Officineomi.it , come ad esempio le pagine che visiti e come interagisci con la singola pagina e salviamo queste informazioni sui nostri server.<br>Ti informiamo che OMI GROUP SRL non tratta dati personali relativi ai minori d\u2019et\u00e0. Se accedi a gruppoomi.com e utilizzi i servizi offerti dichiari di avere compiuto la maggiore et\u00e0.<\/p>\n\n\n\n<div style=\"height:20px\" aria-hidden=\"true\" class=\"wp-block-spacer\"><\/div>\n\n\n\n<h4 class=\"wp-block-heading\">3. Come utilizziamo i dati personali raccolti?<\/h4>\n\n\n\n<p>OMI GROUP SRL raccoglie e tratta i tuoi dati personali per le seguenti finalit\u00e0:<br>\u2013 concludere e dare esecuzione alle richieste su prodotti e\/o servizi offerti su Officineomi.com .<br>\u2013 fornitura dei servizi proposti su Officineomi.it . A tale fine OMI GROUP SRL ha la necessit\u00e0 di raccogliere, in relazione a ciascun servizio e alle sue caratteristiche, i dati personali necessari allo svolgimento del servizio da te richiesto.<br>\u2013 gestione delle richieste ai nostri uffici, il quale utilizza i dati personali che fornisci per soddisfare le tue richieste d\u2019informazioni e richieste d\u2019assistenza.<br>\u2013 invio di CV. Se ci invierai il tuo CV per essere considerato per una candidatura ad una posizione aperta, utilizzeremo le informazioni contenute nel tuo CV esclusivamente a tale scopo. Il tuo CV sar\u00e0 conservato per un periodo massimo di sei mesi, dopodich\u00e9 sar\u00e0 cancellato: se vorrai, potrai naturalmente inviarcene una nuova versione aggiornata.<br>\u2013 analisi e indagini statistiche. Impieghiamo alcune informazioni sul tuo utilizzo del Sito per svolgere analisi e indagini statistiche allo scopo di migliorare la nostra offerta e i nostri servizi;<br>\u2013 invio di comunicazioni commerciali e promozionali in seguito all\u2019acquisto di un nostro prodotto o servizio. Ti invieremo all\u2019indirizzo e-mail che ci hai fornito comunicazioni contenenti le nostre proposte commerciali su prodotti e servizi affini.<br>\u2013 previo tuo espresso consenso, potremo utilizzare i recapiti che ci hai fornito per comunicazioni di natura commerciale sui nostri prodotti e servizi, al fine di aggiornarti sulle novit\u00e0, i nuovi arrivi, sui prodotti in esclusiva, sulle nostre offerte e promozioni. Inoltre, sempre previo tuo consenso, potremo utilizzare i tuoi contatti nell\u2019ambito dello svolgimento di ricerche di mercato e indagini per la rilevazione della soddisfazione allo scopo di migliorare i nostri servizi e il rapporto con i nostri utenti. Queste comunicazioni avverranno esclusivamente con le modalit\u00e0 da te prescelte.<br>Nel caso volessi autorizzare le attivit\u00e0 di cui ai punti sopra e successivamente non desiderassi ricevere ulteriori comunicazioni da OMI GROUP SRL o volessi limitare le modalit\u00e0 con cui essere contattato, potrai in qualsiasi momento interrompere queste comunicazioni semplicemente cliccando sull\u2019apposito link \u201cunsubscribe\u201d presente in calce a ciascuna comunicazione oppure contattando OMI GROUP SRL chiamando il +39 089 2872246 o contattando i nostri uffici e indicando l\u2019oggetto \u201cprivacy\u201d o scrivendo all\u2019indirizzo apposito admin@officineomi.it<br>Ti informiamo che potresti ricevere ulteriori comunicazioni da parte nostra anche dopo l\u2019inoltro della tua richiesta di disiscrizione, in quanto alcuni invii potrebbero essere gi\u00e0 stati pianificati, i nostri sistemi potrebbero impiegare del tempo per eseguire la tua richiesta.<br>In relazione a tutte le attivit\u00e0 sopra indicate, tratteremo i tuoi dati personali prevalentemente attraverso strumenti informatici ed elettronici; gli strumenti di cui ci avvaliamo garantiscono elevati standard di sicurezza, nel pieno rispetto della normativa vigente in materia.<\/p>\n\n\n\n<div style=\"height:20px\" aria-hidden=\"true\" class=\"wp-block-spacer\"><\/div>\n\n\n\n<h4 class=\"wp-block-heading\">4. Cookie Policy<\/h4>\n\n\n\n<p>Questo Sito fa utilizzo di strumenti di tracciamento. Per saperne di pi\u00f9, consulta la nostra <a href=\"https:\/\/www.gruppoomi.com\/it\/cookie-policy-ue\/\" data-type=\"page\" data-id=\"778\">Cookie Policy<\/a>.<\/p>\n\n\n\n<div style=\"height:20px\" aria-hidden=\"true\" class=\"wp-block-spacer\"><\/div>\n\n\n\n<h4 class=\"wp-block-heading\">5. Base giuridica del trattamento<\/h4>\n\n\n\n<p>Trattiamo i tuoi dati personali soltanto in presenza di una delle condizioni previste dalla normativa vigente, e nello specifico:<br>a) per la conclusione ed esecuzione di un contratto di cui sei parte.<br>Quando trattiamo i tuoi dati per la conclusione del contratto di acquisto di cui sei parte abbiamo cura di utilizzare esclusivamente le informazioni minime necessarie per l\u2019esecuzione dello stesso. Questa base legittima i trattamenti di dati personali che avvengono nelle seguenti attivit\u00e0:<br>\u2013 conclusione ed esecuzione di un contratto di acquisto dei prodotti e\/o servizi offerti da OMI GROUP SRL;<br>\u2013 fornitura di servizi offerti su gruppoomi.com;<br>\u2013 gestione delle tue richieste da parte dei nostri uffici.<br>Il conferimento dei tuoi dati personali per tali attivit\u00e0 \u00e8 un obbligo contrattuale. Sei libero di comunicarci o meno i tuoi dati, ma in mancanza dei dati richiesti non ci sar\u00e0 possibile concludere o dare esecuzione al contratto e alle tue richieste. Questo significa che non potrai acquistare i prodotti o non potrai fruire dei servizi di OMI GROUP SRL e che Officineomi.com non potr\u00e0 gestire le tue richieste;<br>b) per dare seguito ad un obbligo legale.<br>In caso di conclusione di un contratto di acquisto di beni e\/o servizi su Officineomi.com, il trattamento dei dati dell\u2019Utente avverr\u00e0 per dare corso agli obblighi legali a cui \u00e8 tenuto OMI GROUP SRL in conformit\u00e0 alle disposizioni fiscali e alle altre norme a cui \u00e8 soggetto OMI GROUP SRL. Sei libero di decidere se concludere un contratto e se comunicarci o meno i tuoi dati, ma se lo concluderai i tuoi dati saranno necessari e saranno trattati per dare corso ai suddetti obblighi legali a cui \u00e8 tenuto OMI GROUP SRL.<br>Il trattamento dei CV spontaneamente inviati, effettuato per valutare i candidati rispetto a una possibile posizione lavorativa presso OMI GROUP SRL, \u00e8 legittimo in quanto espressamente autorizzato da una norma di legge, la quale specifica che in tal caso non occorre il consenso della persona cui si riferiscono i dati personali. Sei libero di comunicarci o meno il tuo CV, ma in mancanza non saremo in grado di valutare la tua candidatura per una posizione di lavoro presso OMI GROUP SRL;<br>c) sulla base del tuo consenso.<br>Svolgeremo i seguenti trattamenti esclusivamente nel caso in cui tu ci abbia prestato il tuo consenso espresso:<br>&#8211; svolgimento di attivit\u00e0 di marketing e sondaggi di opinione e ricerche di mercato;<br>&#8211; analisi delle tue abitudini di navigazione e di consumo nell\u2019ambito dell\u2019utilizzo del tuo account (Area privata), al fine di personalizzare la tua esperienza sul nostro Sito.<br>Fornirci i tuoi dati personali per tali attivit\u00e0 \u00e8 assolutamente facoltativo. Sei libero di fornirci o meno i tuoi dati per tali finalit\u00e0, ma in mancanza dello stesso non sar\u00e0 possibile per gruppoomi.com svolgere le attivit\u00e0 di marketing, sondaggi di opinione e ricerche di mercato, e di analisi delle tue abitudini.<\/p>\n\n\n\n<div style=\"height:20px\" aria-hidden=\"true\" class=\"wp-block-spacer\"><\/div>\n\n\n\n<h4 class=\"wp-block-heading\">6. Chi tratter\u00e0 i tuoi dati?<\/h4>\n\n\n\n<p>I tuoi dati personali saranno trattati dal personale interno di OMI GROUP SRL specificamente istruito e autorizzato al trattamento.<br>I tuoi dati personali saranno inoltre trasmessi a soggetti terzi di cui ci avvaliamo per fornire i nostri servizi; tali soggetti sono stati adeguatamente selezionati e offrono idonea garanzia del rispetto delle norme in materia di trattamento di dati personali. Questi soggetti sono stati designati responsabili del trattamento e svolgono la loro attivit\u00e0 secondo le istruzioni impartite da OMI GROUP SRL e sotto il suo controllo.<br>I soggetti terzi in questione appartengono alle seguenti categorie: operatori bancari, internet provider, societ\u00e0 specializzate in servizi informatici e telematici; societ\u00e0 che svolgono attivit\u00e0 di marketing; societ\u00e0 specializzate in ricerche di mercato e nell\u2019elaborazione dati.<br>I tuoi dati potranno essere trasmessi alle forze di polizia e alle autorit\u00e0 giudiziaria e amministrativa, in conformit\u00e0 alla legge, per l\u2019accertamento e il perseguimento di reati, la prevenzione e la salvaguardia dalle minacce alla pubblica sicurezza, per consentire a OMI GROUP SRL di accertare, esercitare o difendere un diritto in sede giudiziaria, nonch\u00e9 per altre ragioni connesse alla tutela dei diritti e delle libert\u00e0 altrui.<\/p>\n\n\n\n<div style=\"height:20px\" aria-hidden=\"true\" class=\"wp-block-spacer\"><\/div>\n\n\n\n<h4 class=\"wp-block-heading\">7. Trasferimento dei dati all\u2019estero<\/h4>\n\n\n\n<p>La gestione e la conservazione dei dati personali avverr\u00e0 su server del Titolare e\/o di societ\u00e0 terze debitamente nominate quali Responsabili Esterni del trattamento ubicati all\u2019interno dell\u2019Unione Europea.<br>I dati personali potranno essere trasferiti all\u2019estero, in conformit\u00e0 a quanto previsto dalla normativa vigente, anche in Paesi non appartenenti all\u2019Unione Europea. Il trasferimento in Paesi Extra UE, oltre ai casi in cui questo \u00e8 garantito da Decisioni di Adeguatezza della Commissione, \u00e8 effettuato in modo da fornire Garanzie appropriate e opportune ai sensi degli artt. 46 o 47 o 49 del Regolamento.<\/p>\n\n\n\n<div style=\"height:20px\" aria-hidden=\"true\" class=\"wp-block-spacer\"><\/div>\n\n\n\n<h4 class=\"wp-block-heading\">8. Per quanto tempo conserviamo i dati?<\/h4>\n\n\n\n<p>Conserviamo i tuoi dati personali per un periodo di tempo limitato, diverso a seconda del tipo di attivit\u00e0 che prevede il trattamento dei tuoi dati personali.<br>Scaduto questo periodo, i tuoi dati saranno definitivamente cancellati o comunque resi anonimi in via irreversibile.<br>I tuoi dati personali sono conservati nel rispetto dei termini e criteri di seguito specificati:<br>\u2013 dati raccolti per concludere ed eseguire contratti per beni o servizi erogati da OMI GROUP SRL: fino alla conclusione delle formalit\u00e0 amministrativo-contabili. I dati legati alla fatturazione saranno conservati per dieci anni dalla data di fatturazione;<br>\u2013 dati raccolti nel contesto della fruizione di servizi offerti da OMI GROUP SRL: questi dati vengono conservati fino alla cessazione del servizio o alla cancellazione tramite richiesta dell\u2019utente;<br>\u2013 dati connessi a richieste degli utenti ai nostri uffici: i dati utili ad assisterti verranno conservati fino al soddisfacimento della tua richiesta;<br>\u2013 CV: per sei mesi dalla ricezione;<br>\u2013 dati forniti per attivit\u00e0 di comunicazioni commerciali, sondaggi d\u2019opinione e ricerche di mercato: fino alla richiesta da parte dell\u2019utente di interruzione dell\u2019attivit\u00e0 e comunque entro 2 anni dall\u2019ultima interazione di qualunque genere dell\u2019utente con gruppoomi.com ;<br>\u2013 dati utilizzati per personalizzare il Sito e per mostrare offerte commerciali personalizzate: fino a quando l\u2019utente non chieda la cessazione dell\u2019attivit\u00e0 e comunque entro due anni dall\u2019ultima interazione di qualunque genere dell\u2019utente con gruppoomi.com ;<br>\u2013 dati utilizzati per lo svolgimento di ricerche di mercato e di indagini per la rilevazione della soddisfazione: fino a quando l\u2019Utente non chieda la cessazione dell\u2019attivit\u00e0.<br>In ogni caso, per ragioni tecniche, la cessazione del trattamento e la conseguente cancellazione definitiva o anonimizzazione in via irreversibile dei relativi dati personali sar\u00e0 definitiva entro trenta giorni dai termini sopra indicati.<\/p>\n\n\n\n<div style=\"height:20px\" aria-hidden=\"true\" class=\"wp-block-spacer\"><\/div>\n\n\n\n<h4 class=\"wp-block-heading\">9. I tuoi diritti<\/h4>\n\n\n\n<p>In qualunque momento puoi esercitare i diritti con riferimento agli specifici trattamenti dei tuoi dati personali da parte di OMI GROUP SRL . Trovi di seguito la loro descrizione generale e le modalit\u00e0 per esercitarli.<br>a) Accedere ai tuoi dati e modificarli: hai diritto ad accedere ai tuoi dati personali e di chiedere che siano corretti, modificati o integrati con altre informazioni. Se lo desideri, ti forniremo una copia dei tuoi dati in nostro possesso.<br>b) Revocare il tuo consenso: puoi revocare in qualsiasi momento un consenso che hai prestato per il trattamento dei tuoi dati personali in relazione a qualsiasi attivit\u00e0 con finalit\u00e0 di marketing. A tal riguardo, ti ricordiamo che sono considerate attivit\u00e0 di marketing l\u2019invio di comunicazioni commerciali e promozionali, lo svolgimento di ricerche di mercato e di indagini per la rilevazione della soddisfazione per la personalizzazione del sito web e delle offerte commerciali in base ai tuoi interessi. Ricevuta la tua richiesta sar\u00e0 nostra cura cessare tempestivamente il trattamento dei tuoi dati personali che risulti basato su tale consenso, mentre trattamenti diversi o basati su altri presupposti continueranno ad essere svolti nel pieno rispetto delle disposizioni vigenti.<br>c) Opporti al trattamento dei tuoi dati: hai il diritto di opporti in qualsiasi momento al trattamento dei tuoi dati personali effettuato sulla base di un nostro legittimo interesse, spiegandoci i motivi che giustificano la tua richiesta; prima di accoglierla, OMI GROUP SRL dovr\u00e0 valutare i motivi della tua richiesta.<br>d) Cancellare i tuoi dati: nei casi previsti dalla normativa vigente puoi chiedere la cancellazione dei tuoi dati personali. Ricevuta e vagliata la tua richiesta, se legittima sar\u00e0 nostra cura cessare tempestivamente il trattamento e cancellare i tuoi dati personali.<br>e) Chiedere che il trattamento dei tuoi dati personali sia temporaneamente limitato: in tale ipotesi OMI GROUP SRL continuer\u00e0 a conservare i tuoi dati personali ma non li tratter\u00e0, se non fatte salve tua diversa richiesta e le eccezioni previste dalla legge. Puoi ottenere la limitazione del trattamento quando contesti l\u2019esattezza dei tuoi dati personali, quando il trattamento \u00e8 illecito ma ti opponi alla cancellazione dei tuoi dati, quando i tuoi dati non ci servono pi\u00f9 ma ne hai bisogno per esercitare un tuo diritto in sede giudiziaria e quando ti opponi al trattamento, nel periodo in cui noi valutiamo i motivi della tua richiesta.<br>f) Richiedere i tuoi dati o trasferirli a un soggetto diverso da OMI GROUP SRL (\u201cdiritto alla portabilit\u00e0 dei dati\u201d). Puoi chiedere di ricevere i tuoi dati che noi trattiamo in base a un tuo consenso o in base a un contratto con te in un formato standard. Se lo desideri, laddove tecnicamente possibile, potremo su tua richiesta trasferire i tuoi dati direttamente ad un soggetto terzo da te indicatoci<br>Al fine di esercitare alcuni dei tuoi diritti sopra descritti puoi accedere al tuo account ( Area Privata ) o in alternativa puoi contattarci chiamando il numero +39 089 2872246 o scrivendo ai nostri uffici indicando \u201cprivacy\u201d, o scrivendo all\u2019indirizzo del Titolare del trattamento sopraindicato.<br>Per garantire che i dati dei nostri utenti non subiscano violazioni o utilizzi illegittimi da parte di terzi, prima di accogliere una tua richiesta di esercizio di uno dei diritti indicati, ti chiederemo alcune informazioni per essere certi della tua identit\u00e0.<\/p>\n\n\n\n<div style=\"height:20px\" aria-hidden=\"true\" class=\"wp-block-spacer\"><\/div>\n\n\n\n<h4 class=\"wp-block-heading\">10. Misure di sicurezza<\/h4>\n\n\n\n<p>Proteggiamo i tuoi dati personali con specifiche misure di sicurezza tecniche e organizzative, volte a prevenire che i tuoi dati personali possano essere utilizzati in maniera illegittima o fraudolenta. In particolare, utilizziamo misure di sicurezza che garantiscono: la riservatezza, l\u2019integrit\u00e0, la disponibilit\u00e0 dei tuoi dati cos\u00ec come la resilienza dei sistemi e dei servizi che li elaborano; la capacit\u00e0 di ripristinare i dati in caso di data breach. Inoltre gruppoomi.com s\u2019impegna a testare, verificare e valutare regolarmente l\u2019efficacia delle misure tecniche e organizzative al fine di garantire il miglioramento continuo nella sicurezza dei trattamenti.<\/p>\n\n\n\n<div style=\"height:20px\" aria-hidden=\"true\" class=\"wp-block-spacer\"><\/div>\n\n\n\n<h4 class=\"wp-block-heading\">11. Reclami<\/h4>\n\n\n\n<p>Se ritieni che il trattamento dei tuoi dati personali sia stato svolto illegittimamente, puoi proporre un reclamo a una delle autorit\u00e0 di controllo competenti per il rispetto delle norme in materia di protezione dei dati personali. In Italia, il reclamo pu\u00f2 essere presentato al Garante per la Protezione dei Dati Personali.<br>Maggiori informazioni sulle modalit\u00e0 di presentazione sono disponibili sul sito del Garante, all\u2019indirizzo <a href=\"http:\/\/www.garanteprivacy.it\">http:\/\/www.garanteprivacy.it<\/a>.<\/p>\n\n\n\n<div style=\"height:20px\" aria-hidden=\"true\" class=\"wp-block-spacer\"><\/div>\n\n\n\n<h4 class=\"wp-block-heading\">12. Modifiche alla presente informativa<\/h4>\n\n\n\n<p>La costante evoluzione dei nostri servizi pu\u00f2 comportare modifiche nelle caratteristiche del trattamento dei tuoi dati personali fin qui descritto. Di conseguenza questa informativa privacy potr\u00e0 subire modifiche e integrazioni nel corso del tempo, le quali potrebbero anche essere necessarie in riferimento a nuovi interventi normativi in materia di protezione dei dati personali. Ti invitiamo, pertanto, a verificarne periodicamente i contenuti: laddove possibile, cercheremo di informarti tempestivamente sulle modifiche apportate e sulle loro conseguenze. La versione aggiornata dell\u2019informativa privacy, in ogni caso, sar\u00e0 pubblicata in questa pagina, con indicazione della data del suo ultimo aggiornamento.<\/p>\n\n\n\n<div style=\"height:20px\" aria-hidden=\"true\" class=\"wp-block-spacer\"><\/div>\n\n\n\n<h4 class=\"wp-block-heading\">13. Riferimenti legislativi e link utili<\/h4>\n\n\n\n<p>Il trattamento dei tuoi dati personali viene svolto da Officineomi.it nel pieno rispetto della disciplina in materia prevista dal Regolamento (UE) 2016\/679 regolamento generale sulla protezione dei dati, delle norme in materia di trattamento dei dati personali italiane e dei provvedimenti della Autorit\u00e0 di controllo italiana (<a href=\"http:\/\/www.garanteprivacy.it\">http:\/\/www.garanteprivacy.it<\/a>).<\/p>\n\n\n\n<div style=\"height:40px\" aria-hidden=\"true\" class=\"wp-block-spacer\"><\/div>\n\n\n\n<p><em>Ultimo aggiornamento: 07\/05\/2025<\/em><\/p>\n\n\n\n<div aria-hidden=\"true\" class=\"wp-block-spacer\"><\/div>\n","protected":false},"excerpt":{"rendered":"<p>Benvenuto sul nostro sito web gruppoomi.com (il Sito).Per noi la tua privacy e la sicurezza dei tuoi dati personali sono molto importanti, per questo raccogliamo e gestiamo i tuoi dati [&hellip;]<\/p>\n","protected":false},"author":1,"featured_media":0,"parent":0,"menu_order":0,"comment_status":"closed","ping_status":"closed","template":"","meta":{"site-sidebar-layout":"default","site-content-layout":"","ast-site-content-layout":"default","site-content-style":"default","site-sidebar-style":"default","ast-global-header-display":"","ast-banner-title-visibility":"","ast-main-header-display":"","ast-hfb-above-header-display":"","ast-hfb-below-header-display":"","ast-hfb-mobile-header-display":"","site-post-title":"","ast-breadcrumbs-content":"","ast-featured-img":"","footer-sml-layout":"","ast-disable-related-posts":"","theme-transparent-header-meta":"","adv-header-id-meta":"","stick-header-meta":"","header-above-stick-meta":"","header-main-stick-meta":"","header-below-stick-meta":"","astra-migrate-meta-layouts":"default","ast-page-background-enabled":"default","ast-page-background-meta":{"desktop":{"background-color":"var(--ast-global-color-5)","background-image":"","background-repeat":"repeat","background-position":"center center","background-size":"auto","background-attachment":"scroll","background-type":"","background-media":"","overlay-type":"","overlay-color":"","overlay-opacity":"","overlay-gradient":""},"tablet":{"background-color":"","background-image":"","background-repeat":"repeat","background-position":"center center","background-size":"auto","background-attachment":"scroll","background-type":"","background-media":"","overlay-type":"","overlay-color":"","overlay-opacity":"","overlay-gradient":""},"mobile":{"background-color":"","background-image":"","background-repeat":"repeat","background-position":"center center","background-size":"auto","background-attachment":"scroll","background-type":"","background-media":"","overlay-type":"","overlay-color":"","overlay-opacity":"","overlay-gradient":""}},"ast-content-background-meta":{"desktop":{"background-color":"var(--ast-global-color-4)","background-image":"","background-repeat":"repeat","background-position":"center center","background-size":"auto","background-attachment":"scroll","background-type":"","background-media":"","overlay-type":"","overlay-color":"","overlay-opacity":"","overlay-gradient":""},"tablet":{"background-color":"var(--ast-global-color-4)","background-image":"","background-repeat":"repeat","background-position":"center center","background-size":"auto","background-attachment":"scroll","background-type":"","background-media":"","overlay-type":"","overlay-color":"","overlay-opacity":"","overlay-gradient":""},"mobile":{"background-color":"var(--ast-global-color-4)","background-image":"","background-repeat":"repeat","background-position":"center center","background-size":"auto","background-attachment":"scroll","background-type":"","background-media":"","overlay-type":"","overlay-color":"","overlay-opacity":"","overlay-gradient":""}},"footnotes":""},"class_list":["post-3","page","type-page","status-publish","hentry"],"_links":{"self":[{"href":"https:\/\/www.gruppoomi.com\/it\/wp-json\/wp\/v2\/pages\/3","targetHints":{"allow":["GET"]}}],"collection":[{"href":"https:\/\/www.gruppoomi.com\/it\/wp-json\/wp\/v2\/pages"}],"about":[{"href":"https:\/\/www.gruppoomi.com\/it\/wp-json\/wp\/v2\/types\/page"}],"author":[{"embeddable":true,"href":"https:\/\/www.gruppoomi.com\/it\/wp-json\/wp\/v2\/users\/1"}],"replies":[{"embeddable":true,"href":"https:\/\/www.gruppoomi.com\/it\/wp-json\/wp\/v2\/comments?post=3"}],"version-history":[{"count":7,"href":"https:\/\/www.gruppoomi.com\/it\/wp-json\/wp\/v2\/pages\/3\/revisions"}],"predecessor-version":[{"id":1833,"href":"https:\/\/www.gruppoomi.com\/it\/wp-json\/wp\/v2\/pages\/3\/revisions\/1833"}],"wp:attachment":[{"href":"https:\/\/www.gruppoomi.com\/it\/wp-json\/wp\/v2\/media?parent=3"}],"curies":[{"name":"wp","href":"https:\/\/api.w.org\/{rel}","templated":true}]}}