{"id":357,"date":"2025-05-14T09:01:27","date_gmt":"2025-05-14T09:01:27","guid":{"rendered":"https:\/\/www.gruppoomi.com\/?page_id=357"},"modified":"2025-05-16T09:37:14","modified_gmt":"2025-05-16T09:37:14","slug":"note-legali","status":"publish","type":"page","link":"https:\/\/www.gruppoomi.com\/it\/note-legali\/","title":{"rendered":"Note legali"},"content":{"rendered":"\n<p>L\u2019accesso a questo sito implica l\u2019accettazione dei termini e delle condizioni che seguono.<\/p>\n\n\n\n<div style=\"height:20px\" aria-hidden=\"true\" class=\"wp-block-spacer\"><\/div>\n\n\n\n<h4 class=\"wp-block-heading\">Informazioni <\/h4>\n\n\n\n<p>Sebbene sia stata usata ragionevole cura nel raccogliere e presentare le informazioni contenute in questo sito, nessuna garanzia \u00e8 prestata in ordine alla loro esattezza, completezza, utilit\u00e0, n\u00e9 ai loro possibili impieghi da parte degli utenti, con espressa esclusione di ogni responsabilit\u00e0 per errori od omissioni.<\/p>\n\n\n\n<div style=\"height:20px\" aria-hidden=\"true\" class=\"wp-block-spacer\"><\/div>\n\n\n\n<h4 class=\"wp-block-heading\">Accesso al sito ed uso dei materiali in esso contenuti<\/h4>\n\n\n\n<p>Nessuna responsabilit\u00e0, di qualsivoglia natura, \u00e8 assunta da OMI Group Srl in relazione all\u2019accesso degli utenti a questo sito od all\u2019utilizzo da parte loro dei materiali in esso contenuti.<br>Questo Sito nel suo complesso, e tutto il materiale in esso contenuto, \u00e8 protetto dal diritto d\u2019autore e da altri diritti di propriet\u00e0 intellettuale. Potete pertanto visualizzare, stampare e copiare i contenuti di questo Sito (tra cui, a titolo meramente esemplificativo, testi, immagini, animazioni, video, logo e disegni) unicamente a fini personali di natura non commerciale. Questo Sito pu\u00f2 contenere materiale protetto da diritti di propriet\u00e0 intellettuale di terzi. In tali casi, gli utilizzi consentiti dovranno essere verificati con i titolari o licenziatari dei relativi diritti cosi\u2019 come di volta in volta individuati nel Sito.<\/p>\n\n\n\n<div style=\"height:20px\" aria-hidden=\"true\" class=\"wp-block-spacer\"><\/div>\n\n\n\n<h4 class=\"wp-block-heading\">Link ad altri siti<\/h4>\n\n\n\n<p>I link ad altri siti qui contenuti sono indicati per mera comodit\u00e0 dell\u2019utente, senza garanzia alcuna, di qualsivoglia natura, circa i siti ai quali si riferiscono ed ai loro contenuti. Ogni responsabilit\u00e0 in proposito \u00e8 espressamente esclusa.<\/p>\n\n\n\n<div style=\"height:20px\" aria-hidden=\"true\" class=\"wp-block-spacer\"><\/div>\n\n\n\n<h4 class=\"wp-block-heading\">Contributi<\/h4>\n\n\n\n<p>Tutti i contributi o materiali trasmessi a OMI Group Srl per il tramite del Sito, ivi incluse le domande, commenti, suggerimenti e simili, relativi al contenuto del Sito (\u201cContributi\u201d) saranno considerati di natura non confidenziale. In particolare, OMI Group Srl non sar\u00e0 in alcun modo obbligata in relazione a tali Contributi e potr\u00e0 liberamente copiare, utilizzare, usare, rivelare a terzi, mostrare, modificare, creare opere di natura derivativa e\/o pubblicare i Contributi senza alcuna limitazione o corrispettivo dovuto. In aggiunta a quanto precede, OMI Group Srl si riserva il diritto di utilizzare senza l\u2019obbligo di riconoscere alcun compenso e\/o corrispettivo, idee, concetti, know-how o tecniche contenute nei Contributi a qualsiasi fine, ivi incluse, a titolo esemplificativo, la produzione e\/o commercializzazione di prodotti che incorporino tali Contributi.<\/p>\n\n\n\n<div style=\"height:40px\" aria-hidden=\"true\" class=\"wp-block-spacer\"><\/div>\n","protected":false},"excerpt":{"rendered":"<p>L\u2019accesso a questo sito implica l\u2019accettazione dei termini e delle condizioni che seguono. Informazioni Sebbene sia stata usata ragionevole cura nel raccogliere e presentare le informazioni contenute in questo sito, [&hellip;]<\/p>\n","protected":false},"author":1,"featured_media":0,"parent":0,"menu_order":0,"comment_status":"closed","ping_status":"closed","template":"","meta":{"site-sidebar-layout":"default","site-content-layout":"","ast-site-content-layout":"default","site-content-style":"default","site-sidebar-style":"default","ast-global-header-display":"","ast-banner-title-visibility":"","ast-main-header-display":"","ast-hfb-above-header-display":"","ast-hfb-below-header-display":"","ast-hfb-mobile-header-display":"","site-post-title":"","ast-breadcrumbs-content":"","ast-featured-img":"","footer-sml-layout":"","ast-disable-related-posts":"","theme-transparent-header-meta":"","adv-header-id-meta":"","stick-header-meta":"","header-above-stick-meta":"","header-main-stick-meta":"","header-below-stick-meta":"","astra-migrate-meta-layouts":"default","ast-page-background-enabled":"default","ast-page-background-meta":{"desktop":{"background-color":"var(--ast-global-color-5)","background-image":"","background-repeat":"repeat","background-position":"center center","background-size":"auto","background-attachment":"scroll","background-type":"","background-media":"","overlay-type":"","overlay-color":"","overlay-opacity":"","overlay-gradient":""},"tablet":{"background-color":"","background-image":"","background-repeat":"repeat","background-position":"center center","background-size":"auto","background-attachment":"scroll","background-type":"","background-media":"","overlay-type":"","overlay-color":"","overlay-opacity":"","overlay-gradient":""},"mobile":{"background-color":"","background-image":"","background-repeat":"repeat","background-position":"center center","background-size":"auto","background-attachment":"scroll","background-type":"","background-media":"","overlay-type":"","overlay-color":"","overlay-opacity":"","overlay-gradient":""}},"ast-content-background-meta":{"desktop":{"background-color":"var(--ast-global-color-4)","background-image":"","background-repeat":"repeat","background-position":"center center","background-size":"auto","background-attachment":"scroll","background-type":"","background-media":"","overlay-type":"","overlay-color":"","overlay-opacity":"","overlay-gradient":""},"tablet":{"background-color":"var(--ast-global-color-4)","background-image":"","background-repeat":"repeat","background-position":"center center","background-size":"auto","background-attachment":"scroll","background-type":"","background-media":"","overlay-type":"","overlay-color":"","overlay-opacity":"","overlay-gradient":""},"mobile":{"background-color":"var(--ast-global-color-4)","background-image":"","background-repeat":"repeat","background-position":"center center","background-size":"auto","background-attachment":"scroll","background-type":"","background-media":"","overlay-type":"","overlay-color":"","overlay-opacity":"","overlay-gradient":""}},"footnotes":""},"class_list":["post-357","page","type-page","status-publish","hentry"],"_links":{"self":[{"href":"https:\/\/www.gruppoomi.com\/it\/wp-json\/wp\/v2\/pages\/357","targetHints":{"allow":["GET"]}}],"collection":[{"href":"https:\/\/www.gruppoomi.com\/it\/wp-json\/wp\/v2\/pages"}],"about":[{"href":"https:\/\/www.gruppoomi.com\/it\/wp-json\/wp\/v2\/types\/page"}],"author":[{"embeddable":true,"href":"https:\/\/www.gruppoomi.com\/it\/wp-json\/wp\/v2\/users\/1"}],"replies":[{"embeddable":true,"href":"https:\/\/www.gruppoomi.com\/it\/wp-json\/wp\/v2\/comments?post=357"}],"version-history":[{"count":3,"href":"https:\/\/www.gruppoomi.com\/it\/wp-json\/wp\/v2\/pages\/357\/revisions"}],"predecessor-version":[{"id":360,"href":"https:\/\/www.gruppoomi.com\/it\/wp-json\/wp\/v2\/pages\/357\/revisions\/360"}],"wp:attachment":[{"href":"https:\/\/www.gruppoomi.com\/it\/wp-json\/wp\/v2\/media?parent=357"}],"curies":[{"name":"wp","href":"https:\/\/api.w.org\/{rel}","templated":true}]}}